{"id":244,"date":"2023-10-19T09:52:47","date_gmt":"2023-10-19T12:52:47","guid":{"rendered":"https:\/\/associacaoabrafe.com.br\/?page_id=244"},"modified":"2025-05-21T14:14:31","modified_gmt":"2025-05-21T17:14:31","slug":"sobre-a-abrafe","status":"publish","type":"page","link":"https:\/\/associacaoabrafe.com.br\/?page_id=244","title":{"rendered":"Sobre a ABRAFE"},"content":{"rendered":"\t\t<div data-elementor-type=\"wp-page\" data-elementor-id=\"244\" class=\"elementor elementor-244\" data-elementor-post-type=\"page\">\n\t\t\t\t<div class=\"elementor-element elementor-element-0547e94 e-flex e-con-boxed e-con e-parent\" data-id=\"0547e94\" data-element_type=\"container\">\n\t\t\t\t\t<div class=\"e-con-inner\">\n\t\t\t\t<div class=\"elementor-element elementor-element-3b54dc3 elementor-widget elementor-widget-heading\" data-id=\"3b54dc3\" data-element_type=\"widget\" data-widget_type=\"heading.default\">\n\t\t\t\t<div class=\"elementor-widget-container\">\n\t\t\t<h2 class=\"elementor-heading-title elementor-size-default\">Sobre<\/h2>\t\t<\/div>\n\t\t\t\t<\/div>\n\t\t\t\t\t<\/div>\n\t\t\t\t<\/div>\n\t\t<div class=\"elementor-element elementor-element-194070e e-flex e-con-boxed e-con e-parent\" data-id=\"194070e\" data-element_type=\"container\" data-settings=\"{&quot;background_background&quot;:&quot;classic&quot;}\">\n\t\t\t\t\t<div class=\"e-con-inner\">\n\t\t\t\t<div class=\"elementor-element elementor-element-1679d57 elementor-widget__width-initial elementor-widget elementor-widget-heading\" data-id=\"1679d57\" data-element_type=\"widget\" data-widget_type=\"heading.default\">\n\t\t\t\t<div class=\"elementor-widget-container\">\n\t\t\t<h2 class=\"elementor-heading-title elementor-size-default\">Sobre<\/h2>\t\t<\/div>\n\t\t\t\t<\/div>\n\t\t\t\t<div class=\"elementor-element elementor-element-8ccf41d elementor-widget elementor-widget-heading\" data-id=\"8ccf41d\" data-element_type=\"widget\" data-widget_type=\"heading.default\">\n\t\t\t\t<div class=\"elementor-widget-container\">\n\t\t\t<h2 class=\"elementor-heading-title elementor-size-default\"><strong>ABRAFE<\/strong> | Associa\u00e7\u00e3o Brasileira dos Produtores\nde Ferroligas e de Sil\u00edcio Met\u00e1lico<\/h2>\t\t<\/div>\n\t\t\t\t<\/div>\n\t\t\t\t<div class=\"elementor-element elementor-element-877d66f elementor-widget elementor-widget-text-editor\" data-id=\"877d66f\" data-element_type=\"widget\" data-widget_type=\"text-editor.default\">\n\t\t\t\t<div class=\"elementor-widget-container\">\n\t\t\t\t\t\t\t<p>Criada em 1971, a ABRAFE congrega os principais grupos industriais brasileiros produtores de ferroligas e de sil\u00edcio met\u00e1lico, que h\u00e1 mais de 100 anos contribuem para o desenvolvimento sustent\u00e1vel do Brasil. As empresas associadas da ABRAFE s\u00e3o a base de uma cadeia produtiva de alto valor agregado, produzindo insumos estrat\u00e9gicos para os setores de metalurgia, siderurgia, mec\u00e2nica, el\u00e9trica, qu\u00edmica, eletr\u00f4nica e outras.<\/p><p>O setor de ferroligas e de sil\u00edcio met\u00e1lico tem uma inser\u00e7\u00e3o maci\u00e7a e positiva no cotidiano dos cidad\u00e3os. Impacta significativamente a gera\u00e7\u00e3o de emprego e renda para milh\u00f5es de brasileiros e contribui para o crescimento da economia e da competividade brasileira.<\/p><p>Nesse contexto, a ABRAFE tem como principal objetivo:<\/p><p>Promover de forma cont\u00ednua o desenvolvimento sustent\u00e1vel e o aumento da competitividade das ind\u00fastrias de ferroligas e de s\u00edl\u00edcio met\u00e1lico instaladas no Brasil.<\/p>\t\t\t\t\t\t<\/div>\n\t\t\t\t<\/div>\n\t\t\t\t\t<\/div>\n\t\t\t\t<\/div>\n\t\t<div class=\"elementor-element elementor-element-2860c2d e-flex e-con-boxed e-con e-parent\" data-id=\"2860c2d\" data-element_type=\"container\">\n\t\t\t\t\t<div class=\"e-con-inner\">\n\t\t\t\t<div class=\"elementor-element elementor-element-0680687 elementor-widget__width-initial elementor-widget elementor-widget-heading\" data-id=\"0680687\" data-element_type=\"widget\" data-widget_type=\"heading.default\">\n\t\t\t\t<div class=\"elementor-widget-container\">\n\t\t\t<h2 class=\"elementor-heading-title elementor-size-default\">Sobre<\/h2>\t\t<\/div>\n\t\t\t\t<\/div>\n\t\t\t\t<div class=\"elementor-element elementor-element-77f426e elementor-widget elementor-widget-heading\" data-id=\"77f426e\" data-element_type=\"widget\" data-widget_type=\"heading.default\">\n\t\t\t\t<div class=\"elementor-widget-container\">\n\t\t\t<h2 class=\"elementor-heading-title elementor-size-default\">Alinhada a esse objetivo, a ABRAFE<\/h2>\t\t<\/div>\n\t\t\t\t<\/div>\n\t\t\t\t<div class=\"elementor-element elementor-element-9df61a6 elementor-widget elementor-widget-heading\" data-id=\"9df61a6\" data-element_type=\"widget\" data-widget_type=\"heading.default\">\n\t\t\t\t<div class=\"elementor-widget-container\">\n\t\t\t<h2 class=\"elementor-heading-title elementor-size-default\">desenvolve a\u00e7\u00f5es que visam<\/h2>\t\t<\/div>\n\t\t\t\t<\/div>\n\t\t\t\t<div class=\"elementor-element elementor-element-a9ef074 elementor-icon-list--layout-traditional elementor-list-item-link-full_width elementor-widget elementor-widget-icon-list\" data-id=\"a9ef074\" data-element_type=\"widget\" data-widget_type=\"icon-list.default\">\n\t\t\t\t<div class=\"elementor-widget-container\">\n\t\t\t\t\t<ul class=\"elementor-icon-list-items\">\n\t\t\t\t\t\t\t<li class=\"elementor-icon-list-item\">\n\t\t\t\t\t\t\t\t\t\t\t<span class=\"elementor-icon-list-icon\">\n\t\t\t\t\t\t\t<svg aria-hidden=\"true\" class=\"e-font-icon-svg e-fas-square-full\" viewBox=\"0 0 512 512\" xmlns=\"http:\/\/www.w3.org\/2000\/svg\"><path d=\"M512 512H0V0h512v512z\"><\/path><\/svg>\t\t\t\t\t\t<\/span>\n\t\t\t\t\t\t\t\t\t\t<span class=\"elementor-icon-list-text\">Representar as empresas associadas defendendo seus direitos e leg\u00edtimos interesses junto aos \u00f3rg\u00e3os governamentais brasileiros e perante quaisquer entidades p\u00fablicas ou particulares, nacionais ou internacionais, inclusive judicialmente.<\/span>\n\t\t\t\t\t\t\t\t\t<\/li>\n\t\t\t\t\t\t\t\t<li class=\"elementor-icon-list-item\">\n\t\t\t\t\t\t\t\t\t\t\t<span class=\"elementor-icon-list-icon\">\n\t\t\t\t\t\t\t<svg aria-hidden=\"true\" class=\"e-font-icon-svg e-fas-square-full\" viewBox=\"0 0 512 512\" xmlns=\"http:\/\/www.w3.org\/2000\/svg\"><path d=\"M512 512H0V0h512v512z\"><\/path><\/svg>\t\t\t\t\t\t<\/span>\n\t\t\t\t\t\t\t\t\t\t<span class=\"elementor-icon-list-text\">Cooperar com as empresas associadas realizando e divulgando estudos, investiga\u00e7\u00f5es e pesquisas de seu interesse.<\/span>\n\t\t\t\t\t\t\t\t\t<\/li>\n\t\t\t\t\t\t\t\t<li class=\"elementor-icon-list-item\">\n\t\t\t\t\t\t\t\t\t\t\t<span class=\"elementor-icon-list-icon\">\n\t\t\t\t\t\t\t<svg aria-hidden=\"true\" class=\"e-font-icon-svg e-fas-square-full\" viewBox=\"0 0 512 512\" xmlns=\"http:\/\/www.w3.org\/2000\/svg\"><path d=\"M512 512H0V0h512v512z\"><\/path><\/svg>\t\t\t\t\t\t<\/span>\n\t\t\t\t\t\t\t\t\t\t<span class=\"elementor-icon-list-text\">Estimular e executar atividades esclarecedoras que permitam a compreens\u00e3o adequada da contribui\u00e7\u00e3o do setor de ferroligas e de sil\u00edcio met\u00e1lico \u00e0 sociedade.<\/span>\n\t\t\t\t\t\t\t\t\t<\/li>\n\t\t\t\t\t\t\t\t<li class=\"elementor-icon-list-item\">\n\t\t\t\t\t\t\t\t\t\t\t<span class=\"elementor-icon-list-icon\">\n\t\t\t\t\t\t\t<svg aria-hidden=\"true\" class=\"e-font-icon-svg e-fas-square-full\" viewBox=\"0 0 512 512\" xmlns=\"http:\/\/www.w3.org\/2000\/svg\"><path d=\"M512 512H0V0h512v512z\"><\/path><\/svg>\t\t\t\t\t\t<\/span>\n\t\t\t\t\t\t\t\t\t\t<span class=\"elementor-icon-list-text\">Contribuir na elabora\u00e7\u00e3o da legisla\u00e7\u00e3o e na defini\u00e7\u00e3o de pol\u00edticas e decis\u00f5es governamentais que digam respeito \u00e0 competitividade e ao desenvolvimento da ind\u00fastria de ferroligas e de sil\u00edcio met\u00e1lico.<\/span>\n\t\t\t\t\t\t\t\t\t<\/li>\n\t\t\t\t\t\t\t\t<li class=\"elementor-icon-list-item\">\n\t\t\t\t\t\t\t\t\t\t\t<span class=\"elementor-icon-list-icon\">\n\t\t\t\t\t\t\t<svg aria-hidden=\"true\" class=\"e-font-icon-svg e-fas-square-full\" viewBox=\"0 0 512 512\" xmlns=\"http:\/\/www.w3.org\/2000\/svg\"><path d=\"M512 512H0V0h512v512z\"><\/path><\/svg>\t\t\t\t\t\t<\/span>\n\t\t\t\t\t\t\t\t\t\t<span class=\"elementor-icon-list-text\">Atuar como \u00f3rg\u00e3o t\u00e9cnico e consultivo no estudo e solu\u00e7\u00e3o de problemas que se relacionam direta ou indiretamente com o setor.<\/span>\n\t\t\t\t\t\t\t\t\t<\/li>\n\t\t\t\t\t\t\t\t<li class=\"elementor-icon-list-item\">\n\t\t\t\t\t\t\t\t\t\t\t<span class=\"elementor-icon-list-icon\">\n\t\t\t\t\t\t\t<svg aria-hidden=\"true\" class=\"e-font-icon-svg e-fas-square-full\" viewBox=\"0 0 512 512\" xmlns=\"http:\/\/www.w3.org\/2000\/svg\"><path d=\"M512 512H0V0h512v512z\"><\/path><\/svg>\t\t\t\t\t\t<\/span>\n\t\t\t\t\t\t\t\t\t\t<span class=\"elementor-icon-list-text\">Articular-se ativamente com as entidades de classe representantes dos diversos segmentos da ind\u00fastria de ferroligas e de sil\u00edcio met\u00e1lico, bem como com as entidades representantes da ind\u00fastria em geral.<\/span>\n\t\t\t\t\t\t\t\t\t<\/li>\n\t\t\t\t\t\t\t\t<li class=\"elementor-icon-list-item\">\n\t\t\t\t\t\t\t\t\t\t\t<span class=\"elementor-icon-list-icon\">\n\t\t\t\t\t\t\t<svg aria-hidden=\"true\" class=\"e-font-icon-svg e-fas-square-full\" viewBox=\"0 0 512 512\" xmlns=\"http:\/\/www.w3.org\/2000\/svg\"><path d=\"M512 512H0V0h512v512z\"><\/path><\/svg>\t\t\t\t\t\t<\/span>\n\t\t\t\t\t\t\t\t\t\t<span class=\"elementor-icon-list-text\">Estimular o interc\u00e2mbio de informa\u00e7\u00f5es e das mais avan\u00e7adas pr\u00e1ticas de gest\u00e3o entre as empresas associadas.<\/span>\n\t\t\t\t\t\t\t\t\t<\/li>\n\t\t\t\t\t\t<\/ul>\n\t\t\t\t<\/div>\n\t\t\t\t<\/div>\n\t\t\t\t\t<\/div>\n\t\t\t\t<\/div>\n\t\t\t\t<\/div>\n\t\t","protected":false},"excerpt":{"rendered":"<p>Sobre Sobre ABRAFE | Associa\u00e7\u00e3o Brasileira dos Produtores de Ferroligas e de Sil\u00edcio Met\u00e1lico Criada em 1971, a ABRAFE congrega os principais grupos industriais brasileiros produtores de ferroligas e de sil\u00edcio met\u00e1lico, que h\u00e1 mais de 100 anos contribuem para o desenvolvimento sustent\u00e1vel do Brasil. As empresas associadas da ABRAFE s\u00e3o a base de uma [&hellip;]<\/p>\n","protected":false},"author":1,"featured_media":0,"parent":0,"menu_order":0,"comment_status":"closed","ping_status":"closed","template":"elementor_header_footer","meta":{"footnotes":""},"_links":{"self":[{"href":"https:\/\/associacaoabrafe.com.br\/index.php?rest_route=\/wp\/v2\/pages\/244"}],"collection":[{"href":"https:\/\/associacaoabrafe.com.br\/index.php?rest_route=\/wp\/v2\/pages"}],"about":[{"href":"https:\/\/associacaoabrafe.com.br\/index.php?rest_route=\/wp\/v2\/types\/page"}],"author":[{"embeddable":true,"href":"https:\/\/associacaoabrafe.com.br\/index.php?rest_route=\/wp\/v2\/users\/1"}],"replies":[{"embeddable":true,"href":"https:\/\/associacaoabrafe.com.br\/index.php?rest_route=%2Fwp%2Fv2%2Fcomments&post=244"}],"version-history":[{"count":6,"href":"https:\/\/associacaoabrafe.com.br\/index.php?rest_route=\/wp\/v2\/pages\/244\/revisions"}],"predecessor-version":[{"id":3039,"href":"https:\/\/associacaoabrafe.com.br\/index.php?rest_route=\/wp\/v2\/pages\/244\/revisions\/3039"}],"wp:attachment":[{"href":"https:\/\/associacaoabrafe.com.br\/index.php?rest_route=%2Fwp%2Fv2%2Fmedia&parent=244"}],"curies":[{"name":"wp","href":"https:\/\/api.w.org\/{rel}","templated":true}]}}