{"id":584,"date":"2023-10-31T19:35:22","date_gmt":"2023-10-31T22:35:22","guid":{"rendered":"https:\/\/associacaoabrafe.com.br\/?page_id=584"},"modified":"2024-04-23T09:17:57","modified_gmt":"2024-04-23T12:17:57","slug":"dados-relevantes-do-setor","status":"publish","type":"page","link":"https:\/\/associacaoabrafe.com.br\/?page_id=584","title":{"rendered":"Dados Relevantes do Setor"},"content":{"rendered":"\t\t<div data-elementor-type=\"wp-page\" data-elementor-id=\"584\" class=\"elementor elementor-584\" data-elementor-post-type=\"page\">\n\t\t\t\t<div class=\"elementor-element elementor-element-5d47b34 e-flex e-con-boxed e-con e-parent\" data-id=\"5d47b34\" data-element_type=\"container\">\n\t\t\t\t\t<div class=\"e-con-inner\">\n\t\t\t\t<div class=\"elementor-element elementor-element-49c9f89 elementor-widget__width-initial elementor-widget elementor-widget-heading\" data-id=\"49c9f89\" data-element_type=\"widget\" data-widget_type=\"heading.default\">\n\t\t\t\t<div class=\"elementor-widget-container\">\n\t\t\t<h2 class=\"elementor-heading-title elementor-size-default\"> Dados Relevantes do\n Setor<\/h2>\t\t<\/div>\n\t\t\t\t<\/div>\n\t\t\t\t\t<\/div>\n\t\t\t\t<\/div>\n\t\t<div class=\"elementor-element elementor-element-083873d e-flex e-con-boxed e-con e-parent\" data-id=\"083873d\" data-element_type=\"container\">\n\t\t\t\t\t<div class=\"e-con-inner\">\n\t\t\t\t<div class=\"elementor-element elementor-element-1679d57 elementor-widget elementor-widget-heading\" data-id=\"1679d57\" data-element_type=\"widget\" data-widget_type=\"heading.default\">\n\t\t\t\t<div class=\"elementor-widget-container\">\n\t\t\t<h2 class=\"elementor-heading-title elementor-size-default\"> DADOS RELEVANTES DO SETOR <\/h2>\t\t<\/div>\n\t\t\t\t<\/div>\n\t\t\t\t<div class=\"elementor-element elementor-element-8ccf41d elementor-widget elementor-widget-heading\" data-id=\"8ccf41d\" data-element_type=\"widget\" data-widget_type=\"heading.default\">\n\t\t\t\t<div class=\"elementor-widget-container\">\n\t\t\t<h2 class=\"elementor-heading-title elementor-size-default\"><strong> Relev\u00e2ncia Econ\u00f4mica <\/strong>\n    da Ind\u00fastria de Ferroligas e de Sil\u00edcio Met\u00e1lico para os Munic\u00edpios<\/h2>\t\t<\/div>\n\t\t\t\t<\/div>\n\t\t\t\t<div class=\"elementor-element elementor-element-c95bb46 elementor-widget elementor-widget-image\" data-id=\"c95bb46\" data-element_type=\"widget\" data-widget_type=\"image.default\">\n\t\t\t\t<div class=\"elementor-widget-container\">\n\t\t\t\t\t\t\t\t\t\t\t\t\t<img fetchpriority=\"high\" decoding=\"async\" width=\"800\" height=\"916\" src=\"https:\/\/associacaoabrafe.com.br\/wp-content\/uploads\/2023\/10\/relevancia-setor.png\" class=\"attachment-large size-large wp-image-586\" alt=\"\" srcset=\"https:\/\/associacaoabrafe.com.br\/wp-content\/uploads\/2023\/10\/relevancia-setor.png 801w, https:\/\/associacaoabrafe.com.br\/wp-content\/uploads\/2023\/10\/relevancia-setor-262x300.png 262w, https:\/\/associacaoabrafe.com.br\/wp-content\/uploads\/2023\/10\/relevancia-setor-768x879.png 768w\" sizes=\"(max-width: 800px) 100vw, 800px\" \/>\t\t\t\t\t\t\t\t\t\t\t\t\t<\/div>\n\t\t\t\t<\/div>\n\t\t\t\t<div class=\"elementor-element elementor-element-5ce67e7 elementor-widget elementor-widget-heading\" data-id=\"5ce67e7\" data-element_type=\"widget\" data-widget_type=\"heading.default\">\n\t\t\t\t<div class=\"elementor-widget-container\">\n\t\t\t<h2 class=\"elementor-heading-title elementor-size-default\">Tabela de informa\u00e7\u00f5es<\/h2>\t\t<\/div>\n\t\t\t\t<\/div>\n\t\t\t\t<div class=\"elementor-element elementor-element-4b253dc elementor-widget elementor-widget-image\" data-id=\"4b253dc\" data-element_type=\"widget\" data-widget_type=\"image.default\">\n\t\t\t\t<div class=\"elementor-widget-container\">\n\t\t\t\t\t\t\t\t\t\t\t\t\t<img decoding=\"async\" width=\"800\" height=\"892\" src=\"https:\/\/associacaoabrafe.com.br\/wp-content\/uploads\/2023\/10\/valor-agregado.png\" class=\"attachment-large size-large wp-image-614\" alt=\"\" srcset=\"https:\/\/associacaoabrafe.com.br\/wp-content\/uploads\/2023\/10\/valor-agregado.png 833w, https:\/\/associacaoabrafe.com.br\/wp-content\/uploads\/2023\/10\/valor-agregado-269x300.png 269w, https:\/\/associacaoabrafe.com.br\/wp-content\/uploads\/2023\/10\/valor-agregado-768x857.png 768w\" sizes=\"(max-width: 800px) 100vw, 800px\" \/>\t\t\t\t\t\t\t\t\t\t\t\t\t<\/div>\n\t\t\t\t<\/div>\n\t\t\t\t\t<\/div>\n\t\t\t\t<\/div>\n\t\t\t\t<\/div>\n\t\t","protected":false},"excerpt":{"rendered":"<p>Dados Relevantes do Setor DADOS RELEVANTES DO SETOR Relev\u00e2ncia Econ\u00f4mica da Ind\u00fastria de Ferroligas e de Sil\u00edcio Met\u00e1lico para os Munic\u00edpios Tabela de informa\u00e7\u00f5es<\/p>\n","protected":false},"author":1,"featured_media":0,"parent":0,"menu_order":0,"comment_status":"closed","ping_status":"closed","template":"elementor_header_footer","meta":{"footnotes":""},"_links":{"self":[{"href":"https:\/\/associacaoabrafe.com.br\/index.php?rest_route=\/wp\/v2\/pages\/584"}],"collection":[{"href":"https:\/\/associacaoabrafe.com.br\/index.php?rest_route=\/wp\/v2\/pages"}],"about":[{"href":"https:\/\/associacaoabrafe.com.br\/index.php?rest_route=\/wp\/v2\/types\/page"}],"author":[{"embeddable":true,"href":"https:\/\/associacaoabrafe.com.br\/index.php?rest_route=\/wp\/v2\/users\/1"}],"replies":[{"embeddable":true,"href":"https:\/\/associacaoabrafe.com.br\/index.php?rest_route=%2Fwp%2Fv2%2Fcomments&post=584"}],"version-history":[{"count":3,"href":"https:\/\/associacaoabrafe.com.br\/index.php?rest_route=\/wp\/v2\/pages\/584\/revisions"}],"predecessor-version":[{"id":1842,"href":"https:\/\/associacaoabrafe.com.br\/index.php?rest_route=\/wp\/v2\/pages\/584\/revisions\/1842"}],"wp:attachment":[{"href":"https:\/\/associacaoabrafe.com.br\/index.php?rest_route=%2Fwp%2Fv2%2Fmedia&parent=584"}],"curies":[{"name":"wp","href":"https:\/\/api.w.org\/{rel}","templated":true}]}}